{"id":104,"date":"2015-11-09T18:56:02","date_gmt":"2015-11-09T17:56:02","guid":{"rendered":"http:\/\/www.zirp.ch\/Grabenhof\/?page_id=104"},"modified":"2016-01-19T09:23:05","modified_gmt":"2016-01-19T09:23:05","slug":"die-landwirtschaft","status":"publish","type":"page","link":"https:\/\/grabenhof.ch\/?page_id=104","title":{"rendered":"Die Landwirtschaft"},"content":{"rendered":"<p><a href=\"http:\/\/www.zirp.ch\/Grabenhof\/wp-content\/uploads\/2015\/11\/okt-15-008.jpg\"><img loading=\"lazy\" decoding=\"async\" class=\"alignnone size-medium wp-image-98\" src=\"http:\/\/www.zirp.ch\/Grabenhof\/wp-content\/uploads\/2015\/11\/okt-15-008-300x225.jpg\" alt=\"okt 15 008\" width=\"300\" height=\"225\" \/><\/a> <a href=\"http:\/\/www.zirp.ch\/Grabenhof\/wp-content\/uploads\/2015\/11\/Iphone-sept-2015-008.jpg\"><img loading=\"lazy\" decoding=\"async\" class=\"wp-image-94 size-medium alignnone\" src=\"http:\/\/www.zirp.ch\/Grabenhof\/wp-content\/uploads\/2015\/11\/Iphone-sept-2015-008-300x225.jpg\" alt=\"Iphone sept 2015 008\" width=\"300\" height=\"225\" \/><\/a><\/p>\n<p><strong>Landwirtschaft<\/strong><\/p>\n<p>Die Stiftung Grabenhof verf\u00fcgt \u00fcber eine landwirtschaftliche Nutzfl\u00e4che von 62 Hektaren.<\/p>\n<p>Sie produziert nach den Richtlinien der IP Suisse und nach den Grunds\u00e4tzen der nachhaltigen Landwirtschaft.<\/p>\n<p>Unser Betrieb:<\/p>\n<p>&#8211; Ackerbau ( Getreide \/ Hackfr\u00fcchte)<br \/>\n&#8211; Futterbau<br \/>\n&#8211; Pferdezucht \/ aufzucht<br \/>\n&#8211; Pferdeausbildungsst\u00e4tte<br \/>\n&#8211; Schafe<br \/>\n&#8211; Eier von Legehennen Freiland<br \/>\n&#8211; Gefl\u00fcgelmast extensiv<br \/>\n&#8211; Schweine Freiland<\/p>\n<p>&nbsp;<\/p>\n","protected":false},"excerpt":{"rendered":"<p>Landwirtschaft Die Stiftung Grabenhof verf\u00fcgt \u00fcber eine landwirtschaftliche Nutzfl\u00e4che von 62 Hektaren. Sie produziert nach den Richtlinien der IP Suisse und nach den Grunds\u00e4tzen der nachhaltigen Landwirtschaft. Unser Betrieb: &#8211; Ackerbau ( Getreide \/ Hackfr\u00fcchte) &#8211; Futterbau &#8211; Pferdezucht \/ &hellip;<\/p>\n<p><a href=\"https:\/\/grabenhof.ch\/?page_id=104\">Continue Reading<span class=\"meta-nav\">&rarr;<\/span><\/a><\/p>\n","protected":false},"author":2,"featured_media":0,"parent":0,"menu_order":4,"comment_status":"closed","ping_status":"closed","template":"","meta":{"footnotes":""},"class_list":["post-104","page","type-page","status-publish","hentry"],"_links":{"self":[{"href":"https:\/\/grabenhof.ch\/index.php?rest_route=\/wp\/v2\/pages\/104","targetHints":{"allow":["GET"]}}],"collection":[{"href":"https:\/\/grabenhof.ch\/index.php?rest_route=\/wp\/v2\/pages"}],"about":[{"href":"https:\/\/grabenhof.ch\/index.php?rest_route=\/wp\/v2\/types\/page"}],"author":[{"embeddable":true,"href":"https:\/\/grabenhof.ch\/index.php?rest_route=\/wp\/v2\/users\/2"}],"replies":[{"embeddable":true,"href":"https:\/\/grabenhof.ch\/index.php?rest_route=%2Fwp%2Fv2%2Fcomments&post=104"}],"version-history":[{"count":16,"href":"https:\/\/grabenhof.ch\/index.php?rest_route=\/wp\/v2\/pages\/104\/revisions"}],"predecessor-version":[{"id":325,"href":"https:\/\/grabenhof.ch\/index.php?rest_route=\/wp\/v2\/pages\/104\/revisions\/325"}],"wp:attachment":[{"href":"https:\/\/grabenhof.ch\/index.php?rest_route=%2Fwp%2Fv2%2Fmedia&parent=104"}],"curies":[{"name":"wp","href":"https:\/\/api.w.org\/{rel}","templated":true}]}}