{"id":116,"date":"2015-11-09T19:38:56","date_gmt":"2015-11-09T18:38:56","guid":{"rendered":"http:\/\/www.zirp.ch\/Grabenhof\/?page_id=116"},"modified":"2017-12-11T08:28:08","modified_gmt":"2017-12-11T08:28:08","slug":"links","status":"publish","type":"page","link":"https:\/\/grabenhof.ch\/?page_id=116","title":{"rendered":"Links"},"content":{"rendered":"<p><a href=\"https:\/\/www.ipsuisse.ch\/Web\/IP-SUISSE_id343\">https:\/\/www.ipsuisse.ch\/Web\/IP-SUISSE_id343<\/a><a href=\"http:\/\/grabenhof.ch\/wp-content\/uploads\/2015\/11\/IP-suisse.jpg\"><img loading=\"lazy\" decoding=\"async\" class=\"wp-image-132 alignright\" src=\"http:\/\/grabenhof.ch\/wp-content\/uploads\/2015\/11\/IP-suisse.jpg\" alt=\"IP-suisse\" width=\"77\" height=\"77\" srcset=\"https:\/\/grabenhof.ch\/wp-content\/uploads\/2015\/11\/IP-suisse.jpg 160w, https:\/\/grabenhof.ch\/wp-content\/uploads\/2015\/11\/IP-suisse-150x150.jpg 150w\" sizes=\"auto, (max-width: 77px) 100vw, 77px\" \/><\/a><\/p>\n<p>Das G\u00fctesiegel Marienk\u00e4fer\u00a0zeichnet seit 1989 tiergerecht- und umweltschonend hergestellte Produkte von h\u00f6chster Qualit\u00e4t und unverf\u00e4lschtem Genuss aus<\/p>\n<p>&nbsp;<\/p>\n<p>&nbsp;<\/p>\n<p><a href=\"http:\/\/www.insos.ch\/\">http:\/\/www.insos.ch\/<\/a><\/p>\n<p>Nationaler Branchenverband f\u00fcr Menschen mit Behinderung \/ Beeintr\u00e4chtigung<a href=\"http:\/\/grabenhof.ch\/wp-content\/uploads\/2015\/11\/Insos.png\"><img loading=\"lazy\" decoding=\"async\" class=\"size-medium wp-image-131 alignright\" src=\"http:\/\/grabenhof.ch\/wp-content\/uploads\/2015\/11\/Insos-300x34.png\" alt=\"Insos\" width=\"300\" height=\"34\" srcset=\"https:\/\/grabenhof.ch\/wp-content\/uploads\/2015\/11\/Insos-300x34.png 300w, https:\/\/grabenhof.ch\/wp-content\/uploads\/2015\/11\/Insos.png 446w\" sizes=\"auto, (max-width: 300px) 100vw, 300px\" \/><\/a><\/p>\n","protected":false},"excerpt":{"rendered":"<p>https:\/\/www.ipsuisse.ch\/Web\/IP-SUISSE_id343 Das G\u00fctesiegel Marienk\u00e4fer\u00a0zeichnet seit 1989 tiergerecht- und umweltschonend hergestellte Produkte von h\u00f6chster Qualit\u00e4t und unverf\u00e4lschtem Genuss aus &nbsp; &nbsp; http:\/\/www.insos.ch\/ Nationaler Branchenverband f\u00fcr Menschen mit Behinderung \/ Beeintr\u00e4chtigung<\/p>\n","protected":false},"author":2,"featured_media":0,"parent":0,"menu_order":8,"comment_status":"closed","ping_status":"closed","template":"","meta":{"footnotes":""},"class_list":["post-116","page","type-page","status-publish","hentry"],"_links":{"self":[{"href":"https:\/\/grabenhof.ch\/index.php?rest_route=\/wp\/v2\/pages\/116","targetHints":{"allow":["GET"]}}],"collection":[{"href":"https:\/\/grabenhof.ch\/index.php?rest_route=\/wp\/v2\/pages"}],"about":[{"href":"https:\/\/grabenhof.ch\/index.php?rest_route=\/wp\/v2\/types\/page"}],"author":[{"embeddable":true,"href":"https:\/\/grabenhof.ch\/index.php?rest_route=\/wp\/v2\/users\/2"}],"replies":[{"embeddable":true,"href":"https:\/\/grabenhof.ch\/index.php?rest_route=%2Fwp%2Fv2%2Fcomments&post=116"}],"version-history":[{"count":4,"href":"https:\/\/grabenhof.ch\/index.php?rest_route=\/wp\/v2\/pages\/116\/revisions"}],"predecessor-version":[{"id":416,"href":"https:\/\/grabenhof.ch\/index.php?rest_route=\/wp\/v2\/pages\/116\/revisions\/416"}],"wp:attachment":[{"href":"https:\/\/grabenhof.ch\/index.php?rest_route=%2Fwp%2Fv2%2Fmedia&parent=116"}],"curies":[{"name":"wp","href":"https:\/\/api.w.org\/{rel}","templated":true}]}}