{"id":121,"date":"2015-11-10T09:12:47","date_gmt":"2015-11-10T09:12:47","guid":{"rendered":"http:\/\/grabenhof.ch\/?page_id=121"},"modified":"2019-09-25T09:01:33","modified_gmt":"2019-09-25T09:01:33","slug":"kontakt","status":"publish","type":"page","link":"https:\/\/grabenhof.ch\/?page_id=121","title":{"rendered":"Kontakt"},"content":{"rendered":"<p style=\"text-align: left;\"><a href=\"https:\/\/www.google.ch\/maps\/dir\/Sandgasse+70,+3295+R%C3%BCti+bei+B%C3%BCren\/Grabenweg+1,+2543+Lengnau\/@47.1591587,7.3802302,6269m\/data=!3m2!1e3!4b1!4m14!4m13!1m5!1m1!1s0x478e2137be99203b:0x2a978d3eb6fc550b!2m2!1d7.4146709!2d47.1519473!1m5!1m1!1s0x478e2054dcd0a465:0xebb82094d6b8274d!2m2!1d7.379402!2d47.1733778!3e2\"><img loading=\"lazy\" decoding=\"async\" class=\"alignleft wp-image-124 \" src=\"http:\/\/grabenhof.ch\/wp-content\/uploads\/2015\/11\/Map12-e1452509469989.jpg\" alt=\"Map12\" width=\"467\" height=\"639\" data-wp-editing=\"1\" srcset=\"https:\/\/grabenhof.ch\/wp-content\/uploads\/2015\/11\/Map12-e1452509469989.jpg 485w, https:\/\/grabenhof.ch\/wp-content\/uploads\/2015\/11\/Map12-e1452509469989-219x300.jpg 219w\" sizes=\"auto, (max-width: 467px) 100vw, 467px\" \/><\/a><\/p>\n<p><strong>Stiftung Grabenhof<\/strong><br \/>\nPostfach 652<br \/>\nBahnhofstrasse 1<br \/>\n2540 Grenchen<\/p>\n<p><strong>Kontakt f\u00fcr Anfragen und Informationen<br \/>\n<\/strong><\/p>\n<p>Guido Studer<br \/>\n076 332 54 40<br \/>\n<a href=\"mailto:g.studer@grabenhof.ch\">g.studer@grabenhof.ch<\/a><\/p>\n<p>Urs Leimer &#8211; Stiftungsratspr\u00e4sident<br \/>\n079 218 39 49<br \/>\n<a href=\"mailto:u.leimer@grabenhof.ch\">u.leimer@grabenhof.ch<\/a><\/p>\n<p><strong>Kontakt f\u00fcr Tagesstruktur und Wohnen<\/strong><\/p>\n<p>032 652 04 46<br \/>\n079 126 72 86<br \/>\n<a href=\"mailto:info@grabenhof.ch\">info@grabenhof.ch<\/a><\/p>\n<p>erreichbar von MO bis FR 08:00 Uhr bis 16:00 Uhr<\/p>\n<p style=\"padding-left: 180px; text-align: left;\"><strong><span style=\"text-decoration: underline;\">Standorte<\/span><\/strong><\/p>\n<p style=\"padding-left: 180px; text-align: left;\">Grabenhof<br \/>\nGrabenweg 1<br \/>\n2543 Lengnau<\/p>\n<p style=\"padding-left: 180px; text-align: left;\">T\u00fcfelsburg<br \/>\nSandgasse 70<br \/>\n3295 R\u00fcti b. B\u00fcren<\/p>\n<p><a href=\"http:\/\/grabenhof.ch\/wp-content\/uploads\/2019\/07\/Der-Name-T\u00fcfelsburg.pdf\">Der Name T\u00fcfelsburg<\/a><\/p>\n","protected":false},"excerpt":{"rendered":"<p>Stiftung Grabenhof Postfach 652 Bahnhofstrasse 1 2540 Grenchen Kontakt f\u00fcr Anfragen und Informationen Guido Studer 076 332 54 40 g.studer@grabenhof.ch Urs Leimer &#8211; Stiftungsratspr\u00e4sident 079 218 39 49 u.leimer@grabenhof.ch Kontakt f\u00fcr Tagesstruktur und Wohnen 032 652 04 46 079 126 &hellip;<\/p>\n<p><a href=\"https:\/\/grabenhof.ch\/?page_id=121\">Continue Reading<span class=\"meta-nav\">&rarr;<\/span><\/a><\/p>\n","protected":false},"author":1,"featured_media":0,"parent":0,"menu_order":7,"comment_status":"closed","ping_status":"closed","template":"","meta":{"footnotes":""},"class_list":["post-121","page","type-page","status-publish","hentry"],"_links":{"self":[{"href":"https:\/\/grabenhof.ch\/index.php?rest_route=\/wp\/v2\/pages\/121","targetHints":{"allow":["GET"]}}],"collection":[{"href":"https:\/\/grabenhof.ch\/index.php?rest_route=\/wp\/v2\/pages"}],"about":[{"href":"https:\/\/grabenhof.ch\/index.php?rest_route=\/wp\/v2\/types\/page"}],"author":[{"embeddable":true,"href":"https:\/\/grabenhof.ch\/index.php?rest_route=\/wp\/v2\/users\/1"}],"replies":[{"embeddable":true,"href":"https:\/\/grabenhof.ch\/index.php?rest_route=%2Fwp%2Fv2%2Fcomments&post=121"}],"version-history":[{"count":90,"href":"https:\/\/grabenhof.ch\/index.php?rest_route=\/wp\/v2\/pages\/121\/revisions"}],"predecessor-version":[{"id":499,"href":"https:\/\/grabenhof.ch\/index.php?rest_route=\/wp\/v2\/pages\/121\/revisions\/499"}],"wp:attachment":[{"href":"https:\/\/grabenhof.ch\/index.php?rest_route=%2Fwp%2Fv2%2Fmedia&parent=121"}],"curies":[{"name":"wp","href":"https:\/\/api.w.org\/{rel}","templated":true}]}}