{"id":357,"date":"2016-11-07T14:10:51","date_gmt":"2016-11-07T14:10:51","guid":{"rendered":"http:\/\/grabenhof.ch\/?page_id=357"},"modified":"2019-07-10T14:21:12","modified_gmt":"2019-07-10T14:21:12","slug":"aufnahmekriterien","status":"publish","type":"page","link":"https:\/\/grabenhof.ch\/?page_id=357","title":{"rendered":"Aufnahmekriterien"},"content":{"rendered":"<p><em>Die Menschen bringen die Bereitschaft mit, sich in die jeweilige Gruppe einzuf\u00fcgen, sich an die vereinbarte Tagesstruktur zu halten sowie an den gemeinsam vereinbarten Zielen zu arbeiten. <\/em><\/p>\n<p>Der Eintritt basiert auf Freiwilligkeit. An einem Informationsgespr\u00e4ch werden die gegenseitigen Vorstellungen und Bed\u00fcrfnisse gekl\u00e4rt.<\/p>\n<p>Personen in akuten psychischen Krisen, mit schwerer Suchterkrankung oder mit aggressivem Verhalten k\u00f6nnen nicht aufgenommen werden.<\/p>\n<p>Unser Aufnahmegesuch finden Sie gleich hier:<\/p>\n<p><a href=\"http:\/\/grabenhof.ch\/wp-content\/uploads\/2019\/07\/Aufnahmegesuch.pdf\">Aufnahmegesuch<\/a><\/p>\n<p>Nach Eingang des Aufnahmegesuches werden wir uns gerne mit Ihnen in Verbindung setzen und mit Ihnen die weiteren Schritte besprechen.<\/p>\n","protected":false},"excerpt":{"rendered":"<p>Die Menschen bringen die Bereitschaft mit, sich in die jeweilige Gruppe einzuf\u00fcgen, sich an die vereinbarte Tagesstruktur zu halten sowie an den gemeinsam vereinbarten Zielen zu arbeiten. Der Eintritt basiert auf Freiwilligkeit. An einem Informationsgespr\u00e4ch werden die gegenseitigen Vorstellungen und &hellip;<\/p>\n<p><a href=\"https:\/\/grabenhof.ch\/?page_id=357\">Continue Reading<span class=\"meta-nav\">&rarr;<\/span><\/a><\/p>\n","protected":false},"author":1,"featured_media":0,"parent":0,"menu_order":4,"comment_status":"closed","ping_status":"closed","template":"","meta":{"footnotes":""},"class_list":["post-357","page","type-page","status-publish","hentry"],"_links":{"self":[{"href":"https:\/\/grabenhof.ch\/index.php?rest_route=\/wp\/v2\/pages\/357","targetHints":{"allow":["GET"]}}],"collection":[{"href":"https:\/\/grabenhof.ch\/index.php?rest_route=\/wp\/v2\/pages"}],"about":[{"href":"https:\/\/grabenhof.ch\/index.php?rest_route=\/wp\/v2\/types\/page"}],"author":[{"embeddable":true,"href":"https:\/\/grabenhof.ch\/index.php?rest_route=\/wp\/v2\/users\/1"}],"replies":[{"embeddable":true,"href":"https:\/\/grabenhof.ch\/index.php?rest_route=%2Fwp%2Fv2%2Fcomments&post=357"}],"version-history":[{"count":10,"href":"https:\/\/grabenhof.ch\/index.php?rest_route=\/wp\/v2\/pages\/357\/revisions"}],"predecessor-version":[{"id":439,"href":"https:\/\/grabenhof.ch\/index.php?rest_route=\/wp\/v2\/pages\/357\/revisions\/439"}],"wp:attachment":[{"href":"https:\/\/grabenhof.ch\/index.php?rest_route=%2Fwp%2Fv2%2Fmedia&parent=357"}],"curies":[{"name":"wp","href":"https:\/\/api.w.org\/{rel}","templated":true}]}}