{"id":5,"date":"2015-11-03T12:42:59","date_gmt":"2015-11-03T11:42:59","guid":{"rendered":"http:\/\/www.zirp.ch\/Grabenhof\/?page_id=2"},"modified":"2019-09-25T09:07:53","modified_gmt":"2019-09-25T09:07:53","slug":"beispiel-seite","status":"publish","type":"page","link":"https:\/\/grabenhof.ch\/","title":{"rendered":"Die Stiftung Grabenhof&#8230;."},"content":{"rendered":"<p><a href=\"http:\/\/grabenhof.ch\/wp-content\/uploads\/2015\/11\/iphone-sept-15-0201-e1452515793830.jpg\"><img loading=\"lazy\" decoding=\"async\" class=\"alignnone wp-image-246 size-full\" src=\"http:\/\/grabenhof.ch\/wp-content\/uploads\/2015\/11\/iphone-sept-15-0201-e1452515832604.jpg\" alt=\"\" width=\"650\" height=\"386\"><\/a><\/p>\n<p>&#8230;.ist eine Institution, in welcher sich erwachsene Menschen in einem strukturierten Umfeld ihren Bed\u00fcrfnissen<br \/>\nund M\u00f6glichkeiten entsprechend entwickeln k\u00f6nnen. Wir betreuen und f\u00f6rdern Menschen mit Beeintr\u00e4chtigung oder in erschwerten Lebensumst\u00e4nden im Rahmen einer nachhaltig gef\u00fchrten Landwirtschaft, der sorgf\u00e4ltigen Verarbeitung derer Produkte und weiteren praktischen T\u00e4tigkeitsfeldern.<\/p>\n<p>Wir achten die Pers\u00f6nlichkeit der Bewohner und Bewohnerinnen und verstehen ihre Unterschiedlichkeit als Bereicherung der menschlichen Vielfalt.<\/p>\n<p>Zu unserer Unternehmenskultur geh\u00f6ren gegenseitige F\u00f6rderung und Unterst\u00fctzung sowie bereichs\u00fcbergreifende Zusammenarbeit auf allen Ebenen.<\/p>\n<p>Ein respektvoller Umgang miteinander und mit unserer Umgebung ist uns wichtig.<\/p>\n<p>&nbsp;<\/p>\n<p>Unser Leitbild finden Sie gleich hier:<\/p>\n<p><a href=\"http:\/\/grabenhof.ch\/wp-content\/uploads\/2018\/03\/Leitbild-2-f\u00fcr-BW.pdf\">Leitbild <\/a><\/p>\n<p>&nbsp;<\/p>\n<p><strong>&nbsp;<\/strong><\/p>\n","protected":false},"excerpt":{"rendered":"<p>&#8230;.ist eine Institution, in welcher sich erwachsene Menschen in einem strukturierten Umfeld ihren Bed\u00fcrfnissen und M\u00f6glichkeiten entsprechend entwickeln k\u00f6nnen. Wir betreuen und f\u00f6rdern Menschen mit Beeintr\u00e4chtigung oder in erschwerten Lebensumst\u00e4nden im Rahmen einer nachhaltig gef\u00fchrten Landwirtschaft, der sorgf\u00e4ltigen Verarbeitung derer &hellip;<\/p>\n<p><a href=\"https:\/\/grabenhof.ch\/\">Continue Reading<span class=\"meta-nav\">&rarr;<\/span><\/a><\/p>\n","protected":false},"author":2,"featured_media":0,"parent":0,"menu_order":1,"comment_status":"closed","ping_status":"open","template":"","meta":{"footnotes":""},"class_list":["post-5","page","type-page","status-publish","hentry"],"_links":{"self":[{"href":"https:\/\/grabenhof.ch\/index.php?rest_route=\/wp\/v2\/pages\/5","targetHints":{"allow":["GET"]}}],"collection":[{"href":"https:\/\/grabenhof.ch\/index.php?rest_route=\/wp\/v2\/pages"}],"about":[{"href":"https:\/\/grabenhof.ch\/index.php?rest_route=\/wp\/v2\/types\/page"}],"author":[{"embeddable":true,"href":"https:\/\/grabenhof.ch\/index.php?rest_route=\/wp\/v2\/users\/2"}],"replies":[{"embeddable":true,"href":"https:\/\/grabenhof.ch\/index.php?rest_route=%2Fwp%2Fv2%2Fcomments&post=5"}],"version-history":[{"count":29,"href":"https:\/\/grabenhof.ch\/index.php?rest_route=\/wp\/v2\/pages\/5\/revisions"}],"predecessor-version":[{"id":500,"href":"https:\/\/grabenhof.ch\/index.php?rest_route=\/wp\/v2\/pages\/5\/revisions\/500"}],"wp:attachment":[{"href":"https:\/\/grabenhof.ch\/index.php?rest_route=%2Fwp%2Fv2%2Fmedia&parent=5"}],"curies":[{"name":"wp","href":"https:\/\/api.w.org\/{rel}","templated":true}]}}