{"id":58,"date":"2015-11-09T15:53:03","date_gmt":"2015-11-09T14:53:03","guid":{"rendered":"http:\/\/www.zirp.ch\/Grabenhof\/?page_id=58"},"modified":"2019-07-10T14:41:35","modified_gmt":"2019-07-10T14:41:35","slug":"unser-ziel","status":"publish","type":"page","link":"https:\/\/grabenhof.ch\/?page_id=58","title":{"rendered":"Unser Ziel"},"content":{"rendered":"<p>Die Stiftung Grabenhof bezweckt die Aufnahme, Betreuung und Gesundheitsf\u00f6rderung von Menschen mit Beeintr\u00e4chtigung oder psychosozialer Problematik. Diese sollen ihren pers\u00f6nlichen F\u00e4higkeiten und ihrer aktuellen Lebenssituation entsprechend begleitet, unterst\u00fctzt und gef\u00f6rdert werden. Zu diesem Zweck betreibt die Stiftung verschiedene Wohn- und Besch\u00e4ftigungsangebote.<\/p>\n<p>Die Stiftung Grabenhof bietet:<\/p>\n<p>&#8211; konkrete Wohn- und Besch\u00e4ftigungsfelder<\/p>\n<p>&#8211; Tagesstruktur<\/p>\n<p>&#8211; enge Zusammenarbeit mit den Bezugspersonen<\/p>\n<p>&#8211; ganzheitliche Arbeitsabl\u00e4ufe<\/p>\n<p>&#8211; individuelle Begleitung und F\u00f6rderung<\/p>\n<p><strong><em>Bei uns erwerben unsere Klienten F\u00e4higkeiten, <\/em><\/strong><\/p>\n<p><strong><em>um eine bestm\u00f6gliche Entwicklung der Erwerbs- und Wohnf\u00e4higkeit zu erreichen.<\/em><\/strong><\/p>\n","protected":false},"excerpt":{"rendered":"<p>Die Stiftung Grabenhof bezweckt die Aufnahme, Betreuung und Gesundheitsf\u00f6rderung von Menschen mit Beeintr\u00e4chtigung oder psychosozialer Problematik. Diese sollen ihren pers\u00f6nlichen F\u00e4higkeiten und ihrer aktuellen Lebenssituation entsprechend begleitet, unterst\u00fctzt und gef\u00f6rdert werden. Zu diesem Zweck betreibt die Stiftung verschiedene Wohn- und &hellip;<\/p>\n<p><a href=\"https:\/\/grabenhof.ch\/?page_id=58\">Continue Reading<span class=\"meta-nav\">&rarr;<\/span><\/a><\/p>\n","protected":false},"author":2,"featured_media":0,"parent":0,"menu_order":2,"comment_status":"closed","ping_status":"closed","template":"","meta":{"footnotes":""},"class_list":["post-58","page","type-page","status-publish","hentry"],"_links":{"self":[{"href":"https:\/\/grabenhof.ch\/index.php?rest_route=\/wp\/v2\/pages\/58","targetHints":{"allow":["GET"]}}],"collection":[{"href":"https:\/\/grabenhof.ch\/index.php?rest_route=\/wp\/v2\/pages"}],"about":[{"href":"https:\/\/grabenhof.ch\/index.php?rest_route=\/wp\/v2\/types\/page"}],"author":[{"embeddable":true,"href":"https:\/\/grabenhof.ch\/index.php?rest_route=\/wp\/v2\/users\/2"}],"replies":[{"embeddable":true,"href":"https:\/\/grabenhof.ch\/index.php?rest_route=%2Fwp%2Fv2%2Fcomments&post=58"}],"version-history":[{"count":7,"href":"https:\/\/grabenhof.ch\/index.php?rest_route=\/wp\/v2\/pages\/58\/revisions"}],"predecessor-version":[{"id":458,"href":"https:\/\/grabenhof.ch\/index.php?rest_route=\/wp\/v2\/pages\/58\/revisions\/458"}],"wp:attachment":[{"href":"https:\/\/grabenhof.ch\/index.php?rest_route=%2Fwp%2Fv2%2Fmedia&parent=58"}],"curies":[{"name":"wp","href":"https:\/\/api.w.org\/{rel}","templated":true}]}}