{"id":64,"date":"2015-11-09T15:57:28","date_gmt":"2015-11-09T14:57:28","guid":{"rendered":"http:\/\/www.zirp.ch\/Grabenhof\/?page_id=64"},"modified":"2019-07-10T15:20:18","modified_gmt":"2019-07-10T15:20:18","slug":"unser-angebot","status":"publish","type":"page","link":"https:\/\/grabenhof.ch\/?page_id=64","title":{"rendered":"Unser Angebot"},"content":{"rendered":"<p>Der Aufenthalt in der Stiftung Grabenhof soll Menschen helfen, ihre aktuelle Lebenssituation zu stabilisieren und durch Entwicklungsschritte unterst\u00fctzen, um ein m\u00f6glichst eigenst\u00e4ndiges Leben f\u00fchren zu k\u00f6nnen.<\/p>\n<p>Folgende Leistungen werden angeboten:<\/p>\n<p><strong>Berufliche Eingliederung<\/strong><\/p>\n<p>Es stehen Pl\u00e4tze f\u00fcr Abkl\u00e4rungen bez\u00fcglich Arbeitsf\u00e4higkeit und Arbeitstraining in den Bereichen Landwirtschaft, Tierpflege, Garten und K\u00fcche bereit.<\/p>\n<p><strong>Timeout \/ Entlastungstage<br \/>\n<\/strong><\/p>\n<p>Wir bieten zeitlich befristete Tagesstrukturen in den Arbeitsbereichen Landwirtschaft, Tierpflege und K\u00fcche an.<\/p>\n<p><strong>Wohnangebot<br \/>\n<\/strong><\/p>\n<p>Unser Wohnangebot beinhaltet die Betreuung und Begleitung im Bereich Wohnen.<\/p>\n<p><strong>Tagesstruktur extern und intern<br \/>\n<\/strong><\/p>\n<p>Die vielf\u00e4ltigen M\u00f6glichkeiten zur Besch\u00e4ftigung erm\u00f6glichen individuelle Anpassung an die F\u00e4higkeit und Belastbarkeit der Teilnehmer\/Innen.<\/p>\n<p><strong>\u00a0<\/strong><\/p>\n<p>Die Wohn- und Tagesstrukturstandorte:<\/p>\n<p><strong>Grabenhof<\/strong> in 2543 Lengnau\/BE (Wohnpl\u00e4tze und Besch\u00e4ftigungspl\u00e4tze Landwirtschaft, Tierpflege und Garten)<\/p>\n<p><strong>T\u00fcfelsburg<\/strong> in 3295 R\u00fcti b. B\u00fcren\/BE (Wohnpl\u00e4tze (in Planung) und Besch\u00e4ftigungspl\u00e4tze Landwirtschaft, Pferdepflege und K\u00fcche).<\/p>\n<p><a href=\"http:\/\/grabenhof.ch\/?page_id=121\"><strong>Tarife auf Anfrage<\/strong><\/a><\/p>\n<p style=\"padding-left: 120px;\">\n<p style=\"padding-left: 80px;\">\n","protected":false},"excerpt":{"rendered":"<p>Der Aufenthalt in der Stiftung Grabenhof soll Menschen helfen, ihre aktuelle Lebenssituation zu stabilisieren und durch Entwicklungsschritte unterst\u00fctzen, um ein m\u00f6glichst eigenst\u00e4ndiges Leben f\u00fchren zu k\u00f6nnen. Folgende Leistungen werden angeboten: Berufliche Eingliederung Es stehen Pl\u00e4tze f\u00fcr Abkl\u00e4rungen bez\u00fcglich Arbeitsf\u00e4higkeit und &hellip;<\/p>\n<p><a href=\"https:\/\/grabenhof.ch\/?page_id=64\">Continue Reading<span class=\"meta-nav\">&rarr;<\/span><\/a><\/p>\n","protected":false},"author":2,"featured_media":0,"parent":0,"menu_order":3,"comment_status":"closed","ping_status":"closed","template":"","meta":{"footnotes":""},"class_list":["post-64","page","type-page","status-publish","hentry"],"_links":{"self":[{"href":"https:\/\/grabenhof.ch\/index.php?rest_route=\/wp\/v2\/pages\/64","targetHints":{"allow":["GET"]}}],"collection":[{"href":"https:\/\/grabenhof.ch\/index.php?rest_route=\/wp\/v2\/pages"}],"about":[{"href":"https:\/\/grabenhof.ch\/index.php?rest_route=\/wp\/v2\/types\/page"}],"author":[{"embeddable":true,"href":"https:\/\/grabenhof.ch\/index.php?rest_route=\/wp\/v2\/users\/2"}],"replies":[{"embeddable":true,"href":"https:\/\/grabenhof.ch\/index.php?rest_route=%2Fwp%2Fv2%2Fcomments&post=64"}],"version-history":[{"count":24,"href":"https:\/\/grabenhof.ch\/index.php?rest_route=\/wp\/v2\/pages\/64\/revisions"}],"predecessor-version":[{"id":475,"href":"https:\/\/grabenhof.ch\/index.php?rest_route=\/wp\/v2\/pages\/64\/revisions\/475"}],"wp:attachment":[{"href":"https:\/\/grabenhof.ch\/index.php?rest_route=%2Fwp%2Fv2%2Fmedia&parent=64"}],"curies":[{"name":"wp","href":"https:\/\/api.w.org\/{rel}","templated":true}]}}